{"id":7,"date":"2023-01-12T12:32:10","date_gmt":"2023-01-12T12:32:10","guid":{"rendered":"http:\/\/test.ferienwohnung-bantin.de\/?page_id=7"},"modified":"2024-10-08T21:05:42","modified_gmt":"2024-10-08T21:05:42","slug":"willkommen","status":"publish","type":"page","link":"https:\/\/ferienwohnung-bantin.de\/","title":{"rendered":"Willkommen"},"content":{"rendered":"\n<h4 class=\"wp-block-heading\"><strong><em>Herzlich Willkommen im sch\u00f6nen S\u00fcdwest-Mecklenburg!<\/em><\/strong><\/h4>\n\n\n\n<p>Der Ort Neu G\u00fclze liegt an der Bundesstra\u00dfe 5 in unmittelbarer N\u00e4he zur Stadt Boizenburg \/ Elbe.<\/p>\n\n\n\n<p><img loading=\"lazy\" decoding=\"async\" width=\"1400\" height=\"536\" class=\"wp-image-102\" style=\"width: 1001px;\" src=\"https:\/\/ferienwohnung-bantin.de\/wp-content\/uploads\/2023\/01\/NGalt.jpg\" alt=\"\" srcset=\"https:\/\/ferienwohnung-bantin.de\/wp-content\/uploads\/2023\/01\/NGalt.jpg 1400w, https:\/\/ferienwohnung-bantin.de\/wp-content\/uploads\/2023\/01\/NGalt-300x115.jpg 300w, https:\/\/ferienwohnung-bantin.de\/wp-content\/uploads\/2023\/01\/NGalt-1024x392.jpg 1024w, https:\/\/ferienwohnung-bantin.de\/wp-content\/uploads\/2023\/01\/NGalt-768x294.jpg 768w\" sizes=\"(max-width: 1400px) 100vw, 1400px\" \/> <\/p>\n\n\n\n<h5 class=\"wp-block-heading\"><img loading=\"lazy\" decoding=\"async\" width=\"1024\" height=\"436\" src=\"http:\/\/ferienwohnung-bantin.de\/wp-content\/uploads\/2018\/11\/November-2018-01-2-1024x436.jpg\" alt=\"\"><\/h5>\n\n\n\n<p>Viele gut ausgebaute Radwanderwege und das nahe <a rel=\"noreferrer noopener\" href=\"http:\/\/www.flusslandschaft-elbe.de\/startseite\/\" target=\"_blank\">Biosph\u00e4renreservat Flusslandschaft Elbe<\/a> sowie Ausflugziele in die sch\u00f6ne Natur der Umgebung laden zu ausgedehnten Radtouren ein. Der ca. 3 km nahe gelegene Bahnhof Boizenburg (Strecke Hamburg &#8211; Schwerin &#8211; Berlin) oder auch die Anbindung an das regionale Omnibusnetz sind dabei sicher von Vorteil. Superm\u00e4rkte, Apotheken und B\u00e4ckereien finden Sie ebenfalls im 3 km nahen Boizenburg\/Bahnhof. Zur Bushaltestelle sind es nur 3 Minuten zu Fu\u00df. Auch in Wiebendorf k\u00f6nnen Sie Radtouren oder andere Ausfl\u00fcge in die Mecklenburger Natur starten und genie\u00dfen.<\/p>\n\n\n\n<h5 class=\"wp-block-heading\"><strong>Die Wohnungen<\/strong><\/h5>\n\n\n\n<p>Bei uns k\u00f6nnen Sie gem\u00fctlich in 2 komplett neu hergerichteten Ferienwohnungen f\u00fcr 4 Personen und optional einem Kinder-Beistellbett wohnen.<\/p>\n\n\n\n<p><\/p>\n\n\n\n<p><strong><a href=\"https:\/\/ferienwohnung-bantin.de\/?page_id=19\" data-type=\"page\" data-id=\"19\">FERIENHAUS NEU G\u00dcLZE<\/a><\/strong><\/p>\n\n\n\n<p><\/p>\n\n\n\n<p>Nun freuen wir uns, Sie recht bald bei uns Willkommen hei\u00dfen zu d\u00fcrfen.<\/p>\n\n\n\n<h6 class=\"wp-block-heading\"><strong><em>Herzlichst, Ihre Familie Bantin aus Neu G\u00fclze<\/em><\/strong><\/h6>\n","protected":false},"excerpt":{"rendered":"<p>Herzlich Willkommen im sch\u00f6nen S\u00fcdwest-Mecklenburg! Der Ort Neu G\u00fclze liegt an der Bundesstra\u00dfe 5 in unmittelbarer N\u00e4he zur Stadt Boizenburg \/ Elbe. Viele gut ausgebaute Radwanderwege und das nahe Biosph\u00e4renreservat Flusslandschaft Elbe sowie Ausflugziele in die sch\u00f6ne Natur der Umgebung laden zu ausgedehnten Radtouren ein. Der ca. 3 km nahe gelegene Bahnhof Boizenburg (Strecke Hamburg<\/p>\n","protected":false},"author":1,"featured_media":0,"parent":0,"menu_order":0,"comment_status":"closed","ping_status":"closed","template":"","meta":{"footnotes":""},"_links":{"self":[{"href":"https:\/\/ferienwohnung-bantin.de\/index.php?rest_route=\/wp\/v2\/pages\/7"}],"collection":[{"href":"https:\/\/ferienwohnung-bantin.de\/index.php?rest_route=\/wp\/v2\/pages"}],"about":[{"href":"https:\/\/ferienwohnung-bantin.de\/index.php?rest_route=\/wp\/v2\/types\/page"}],"author":[{"embeddable":true,"href":"https:\/\/ferienwohnung-bantin.de\/index.php?rest_route=\/wp\/v2\/users\/1"}],"replies":[{"embeddable":true,"href":"https:\/\/ferienwohnung-bantin.de\/index.php?rest_route=%2Fwp%2Fv2%2Fcomments&post=7"}],"version-history":[{"count":8,"href":"https:\/\/ferienwohnung-bantin.de\/index.php?rest_route=\/wp\/v2\/pages\/7\/revisions"}],"predecessor-version":[{"id":143,"href":"https:\/\/ferienwohnung-bantin.de\/index.php?rest_route=\/wp\/v2\/pages\/7\/revisions\/143"}],"wp:attachment":[{"href":"https:\/\/ferienwohnung-bantin.de\/index.php?rest_route=%2Fwp%2Fv2%2Fmedia&parent=7"}],"curies":[{"name":"wp","href":"https:\/\/api.w.org\/{rel}","templated":true}]}}