{"id":74,"date":"2023-01-12T14:04:38","date_gmt":"2023-01-12T14:04:38","guid":{"rendered":"http:\/\/test.ferienwohnung-bantin.de\/?page_id=74"},"modified":"2026-02-19T11:20:02","modified_gmt":"2026-02-19T11:20:02","slug":"preise","status":"publish","type":"page","link":"https:\/\/ferienwohnung-bantin.de\/?page_id=74","title":{"rendered":"Preise"},"content":{"rendered":"\n<p><strong>Nutzung der Ferienwohnung \/ Nacht<\/strong><\/p>\n\n\n\n<p>Einzelperson: <strong>30,-\u20ac<\/strong><\/p>\n\n\n\n<p>Ab 2 bis 3 Personen: <strong> 60,-\u20ac<\/strong><\/p>\n\n\n\n<p>Zus\u00e4tzlich Kinder bis 12 Jahre: <strong> 5,-\u20ac<\/strong><\/p>\n\n\n\n<p>Bettw\u00e4sche und Handt\u00fccher sind inclusive.<br>(Bei Nutzung f\u00fcr nur eine Nacht bitte <strong>Bettw\u00e4sche und Handt\u00fccher mitbringen<\/strong> oder einen Aufschlag von 10,- \u20ac\/ Bett zahlen)<\/p>\n\n\n\n<p>WLAN: inklusive<\/p>\n\n\n\n<p><\/p>\n\n\n\n<p>Endreinigung:  <strong>60,00 \u20ac<\/strong><\/p>\n\n\n\n<p><\/p>\n\n\n\n<p>Zahlung bei Schl\u00fcssel\u00fcbergabe oder sofort nach Rechnungserhalt.<\/p>\n","protected":false},"excerpt":{"rendered":"<p>Nutzung der Ferienwohnung \/ Nacht Einzelperson: 30,-\u20ac Ab 2 bis 3 Personen: 60,-\u20ac Zus\u00e4tzlich Kinder bis 12 Jahre: 5,-\u20ac Bettw\u00e4sche und Handt\u00fccher sind inclusive.(Bei Nutzung f\u00fcr nur eine Nacht bitte Bettw\u00e4sche und Handt\u00fccher mitbringen oder einen Aufschlag von 10,- \u20ac\/ Bett zahlen) WLAN: inklusive Endreinigung: 60,00 \u20ac Zahlung bei Schl\u00fcssel\u00fcbergabe oder sofort nach Rechnungserhalt.<\/p>\n","protected":false},"author":1,"featured_media":0,"parent":0,"menu_order":0,"comment_status":"closed","ping_status":"closed","template":"","meta":{"footnotes":""},"_links":{"self":[{"href":"https:\/\/ferienwohnung-bantin.de\/index.php?rest_route=\/wp\/v2\/pages\/74"}],"collection":[{"href":"https:\/\/ferienwohnung-bantin.de\/index.php?rest_route=\/wp\/v2\/pages"}],"about":[{"href":"https:\/\/ferienwohnung-bantin.de\/index.php?rest_route=\/wp\/v2\/types\/page"}],"author":[{"embeddable":true,"href":"https:\/\/ferienwohnung-bantin.de\/index.php?rest_route=\/wp\/v2\/users\/1"}],"replies":[{"embeddable":true,"href":"https:\/\/ferienwohnung-bantin.de\/index.php?rest_route=%2Fwp%2Fv2%2Fcomments&post=74"}],"version-history":[{"count":4,"href":"https:\/\/ferienwohnung-bantin.de\/index.php?rest_route=\/wp\/v2\/pages\/74\/revisions"}],"predecessor-version":[{"id":159,"href":"https:\/\/ferienwohnung-bantin.de\/index.php?rest_route=\/wp\/v2\/pages\/74\/revisions\/159"}],"wp:attachment":[{"href":"https:\/\/ferienwohnung-bantin.de\/index.php?rest_route=%2Fwp%2Fv2%2Fmedia&parent=74"}],"curies":[{"name":"wp","href":"https:\/\/api.w.org\/{rel}","templated":true}]}}