{"id":76,"date":"2023-01-12T14:08:51","date_gmt":"2023-01-12T14:08:51","guid":{"rendered":"http:\/\/test.ferienwohnung-bantin.de\/?page_id=76"},"modified":"2026-01-10T12:25:53","modified_gmt":"2026-01-10T12:25:53","slug":"monteurswohnung","status":"publish","type":"page","link":"https:\/\/ferienwohnung-bantin.de\/?page_id=76","title":{"rendered":"Monteurswohnung"},"content":{"rendered":"\n<p><strong>Sie suchen f\u00fcr sich oder Ihre Monteure eine Unterkunft?<\/strong><\/p>\n\n\n\n<p>Dann sind Sie bei uns genau richtig!<\/p>\n\n\n\n<p>Alle 3 Schlafm\u00f6glichkeiten sind separat stellbar.<\/p>\n\n\n\n<p>Die gro\u00dfe, vom Wohnraum getrennte K\u00fcche und eine Terasse bieten gen\u00fcgend Platz, sodass auch Ihre Privatsph\u00e4re ein St\u00fcck weit gewahrt bleibt.<\/p>\n\n\n\n<p>Superm\u00e4rkte, Restaurants, Imbissl\u00e4den und andere Einkaufsm\u00f6glichkeiten befinden sich in der 3 km nahe gelegenen Boizenbuger Bahnhofsvorstadt.<\/p>\n\n\n\n<figure class=\"wp-block-image size-full\"><img loading=\"lazy\" decoding=\"async\" width=\"1024\" height=\"683\" src=\"https:\/\/ferienwohnung-bantin.de\/wp-content\/uploads\/2023\/01\/IMG_4032-1024x683-1.jpg\" alt=\"\" class=\"wp-image-77\" srcset=\"https:\/\/ferienwohnung-bantin.de\/wp-content\/uploads\/2023\/01\/IMG_4032-1024x683-1.jpg 1024w, https:\/\/ferienwohnung-bantin.de\/wp-content\/uploads\/2023\/01\/IMG_4032-1024x683-1-300x200.jpg 300w, https:\/\/ferienwohnung-bantin.de\/wp-content\/uploads\/2023\/01\/IMG_4032-1024x683-1-768x512.jpg 768w\" sizes=\"(max-width: 1024px) 100vw, 1024px\" \/><\/figure>\n\n\n\n<p>Alle weiteren Fragen k\u00f6nnen Sie gern mit uns am Telefon kl\u00e4ren: 038847-56246<\/p>\n","protected":false},"excerpt":{"rendered":"<p>Sie suchen f\u00fcr sich oder Ihre Monteure eine Unterkunft? Dann sind Sie bei uns genau richtig! Alle 3 Schlafm\u00f6glichkeiten sind separat stellbar. Die gro\u00dfe, vom Wohnraum getrennte K\u00fcche und eine Terasse bieten gen\u00fcgend Platz, sodass auch Ihre Privatsph\u00e4re ein St\u00fcck weit gewahrt bleibt. Superm\u00e4rkte, Restaurants, Imbissl\u00e4den und andere Einkaufsm\u00f6glichkeiten befinden sich in der 3 km<\/p>\n","protected":false},"author":1,"featured_media":0,"parent":0,"menu_order":0,"comment_status":"closed","ping_status":"closed","template":"","meta":{"footnotes":""},"_links":{"self":[{"href":"https:\/\/ferienwohnung-bantin.de\/index.php?rest_route=\/wp\/v2\/pages\/76"}],"collection":[{"href":"https:\/\/ferienwohnung-bantin.de\/index.php?rest_route=\/wp\/v2\/pages"}],"about":[{"href":"https:\/\/ferienwohnung-bantin.de\/index.php?rest_route=\/wp\/v2\/types\/page"}],"author":[{"embeddable":true,"href":"https:\/\/ferienwohnung-bantin.de\/index.php?rest_route=\/wp\/v2\/users\/1"}],"replies":[{"embeddable":true,"href":"https:\/\/ferienwohnung-bantin.de\/index.php?rest_route=%2Fwp%2Fv2%2Fcomments&post=76"}],"version-history":[{"count":2,"href":"https:\/\/ferienwohnung-bantin.de\/index.php?rest_route=\/wp\/v2\/pages\/76\/revisions"}],"predecessor-version":[{"id":158,"href":"https:\/\/ferienwohnung-bantin.de\/index.php?rest_route=\/wp\/v2\/pages\/76\/revisions\/158"}],"wp:attachment":[{"href":"https:\/\/ferienwohnung-bantin.de\/index.php?rest_route=%2Fwp%2Fv2%2Fmedia&parent=76"}],"curies":[{"name":"wp","href":"https:\/\/api.w.org\/{rel}","templated":true}]}}